{"id":8094,"date":"2023-03-30T02:37:42","date_gmt":"2023-03-30T08:37:42","guid":{"rendered":"https:\/\/newgil.hvega.com\/?page_id=8094"},"modified":"2025-05-05T21:28:53","modified_gmt":"2025-05-06T03:28:53","slug":"escazu-dental-clinic","status":"publish","type":"page","link":"https:\/\/www.gildentalclinic.com\/en\/escazu-dental-clinic\/","title":{"rendered":"Escaz\u00fa Dental Clinic"},"content":{"rendered":"<div class=\"gb-container gb-container-a4412868 alignfull\">\n<div class=\"gb-container gb-container-b1443782\">\n<h1 class=\"gb-headline gb-headline-c2bd9df1 gb-headline-text gb-headline-40250232\">Escaz\u00fa Dental Clinic<\/h1>\n\n\n<p>Throughout the 1990s, the accelerated growth of Escaz\u00fa provided an opportunity for the Gil Dental Clinic to expand beyond its San Pedro roots and into a new, local community.<\/p>\n\n\n\n<p><em>\u201cWe wanted this to be a place where people from the entire western side of San Jos\u00e9\u2014not just Escaz\u00fa\u2014could go to fulfill their dentistry needs\u201d <\/em>explains <a href=\"https:\/\/www.gildentalclinic.com\/en\/about\/dr-lucas-gil-jimenez-mscd\/\" data-type=\"doctors\" data-id=\"9492\">Dr. Lucas Gil<\/a>.<\/p>\n\n\n\n<p>In 2000, the second Gil Dental Clinic opened its doors in Escaz\u00fa to serve this growing population.<\/p>\n\n\n\n<p>With the introduction of the Escaz\u00fa clinic also came the consolidation of our internal laboratory\u2014something that, according to Dr. Gil, has granted us complete control of the manufacturing process of our restoration materials. This has given us a major advantage over other dental clinics in the San Jos\u00e9 region.<\/p>\n\n\n\n<figure class=\"wp-block-gallery has-nested-images columns-4 is-cropped wp-block-gallery-1 is-layout-flex wp-block-gallery-is-layout-flex\">\n<figure class=\"wp-block-image size-large round-borders\"><img loading=\"lazy\" decoding=\"async\" width=\"1024\" height=\"683\" data-id=\"1585\" src=\"https:\/\/www.gildentalclinic.com\/wp-content\/uploads\/2022\/01\/clinica-gil-escazu-web-gallery-13-1024x683.jpg\" alt=\"clinica dental gil escazu\" class=\"wp-image-1585\" srcset=\"https:\/\/www.gildentalclinic.com\/wp-content\/uploads\/2022\/01\/clinica-gil-escazu-web-gallery-13-1024x683.jpg 1024w, https:\/\/www.gildentalclinic.com\/wp-content\/uploads\/2022\/01\/clinica-gil-escazu-web-gallery-13-300x200.jpg 300w, https:\/\/www.gildentalclinic.com\/wp-content\/uploads\/2022\/01\/clinica-gil-escazu-web-gallery-13-768x512.jpg 768w, https:\/\/www.gildentalclinic.com\/wp-content\/uploads\/2022\/01\/clinica-gil-escazu-web-gallery-13.jpg 1200w\" sizes=\"auto, (max-width: 1024px) 100vw, 1024px\" \/><\/figure>\n\n\n\n<figure class=\"wp-block-image size-large round-borders\"><img loading=\"lazy\" decoding=\"async\" width=\"1024\" height=\"683\" data-id=\"1574\" src=\"https:\/\/www.gildentalclinic.com\/wp-content\/uploads\/2022\/01\/clinica-gil-escazu-web-gallery-2-1024x683.jpg\" alt=\"entrada clinica dental gil escazu\" class=\"wp-image-1574\" srcset=\"https:\/\/www.gildentalclinic.com\/wp-content\/uploads\/2022\/01\/clinica-gil-escazu-web-gallery-2-1024x683.jpg 1024w, https:\/\/www.gildentalclinic.com\/wp-content\/uploads\/2022\/01\/clinica-gil-escazu-web-gallery-2-300x200.jpg 300w, https:\/\/www.gildentalclinic.com\/wp-content\/uploads\/2022\/01\/clinica-gil-escazu-web-gallery-2-768x512.jpg 768w, https:\/\/www.gildentalclinic.com\/wp-content\/uploads\/2022\/01\/clinica-gil-escazu-web-gallery-2.jpg 1200w\" sizes=\"auto, (max-width: 1024px) 100vw, 1024px\" \/><\/figure>\n\n\n\n<figure class=\"wp-block-image size-large round-borders\"><img loading=\"lazy\" decoding=\"async\" width=\"1024\" height=\"683\" data-id=\"1581\" src=\"https:\/\/www.gildentalclinic.com\/wp-content\/uploads\/2022\/01\/clinica-gil-escazu-web-gallery-9-1024x683.jpg\" alt=\"vista posterior clinica dental gil escazu\" class=\"wp-image-1581\" srcset=\"https:\/\/www.gildentalclinic.com\/wp-content\/uploads\/2022\/01\/clinica-gil-escazu-web-gallery-9-1024x683.jpg 1024w, https:\/\/www.gildentalclinic.com\/wp-content\/uploads\/2022\/01\/clinica-gil-escazu-web-gallery-9-300x200.jpg 300w, https:\/\/www.gildentalclinic.com\/wp-content\/uploads\/2022\/01\/clinica-gil-escazu-web-gallery-9-768x512.jpg 768w, https:\/\/www.gildentalclinic.com\/wp-content\/uploads\/2022\/01\/clinica-gil-escazu-web-gallery-9.jpg 1200w\" sizes=\"auto, (max-width: 1024px) 100vw, 1024px\" \/><\/figure>\n\n\n\n<figure class=\"wp-block-image size-large round-borders\"><img loading=\"lazy\" decoding=\"async\" width=\"1024\" height=\"683\" data-id=\"1580\" src=\"https:\/\/www.gildentalclinic.com\/wp-content\/uploads\/2022\/01\/clinica-gil-escazu-web-gallery-8-1024x683.jpg\" alt=\"jardin clinica dental gil escazu\" class=\"wp-image-1580\" srcset=\"https:\/\/www.gildentalclinic.com\/wp-content\/uploads\/2022\/01\/clinica-gil-escazu-web-gallery-8-1024x683.jpg 1024w, https:\/\/www.gildentalclinic.com\/wp-content\/uploads\/2022\/01\/clinica-gil-escazu-web-gallery-8-300x200.jpg 300w, https:\/\/www.gildentalclinic.com\/wp-content\/uploads\/2022\/01\/clinica-gil-escazu-web-gallery-8-768x512.jpg 768w, https:\/\/www.gildentalclinic.com\/wp-content\/uploads\/2022\/01\/clinica-gil-escazu-web-gallery-8.jpg 1200w\" sizes=\"auto, (max-width: 1024px) 100vw, 1024px\" \/><\/figure>\n<\/figure>\n\n<\/div>\n<\/div>\n\n<div class=\"gb-container gb-container-350a95f6 alignfull\">\n<div class=\"gb-container gb-container-022fc434\">\n\n<p><em>\u201cThe type of material we use, the techniques, the manufacturing and delivery times, the immediate repairs\u2014all of these has allowed us to guarantee better service than that offered at commercial laboratories\u201d<\/em> insists Dr. Gil.<\/p>\n\n\n\n<p>The development of our Escaz\u00fa headquarters included another change: thanks to the addition of more specialists, the clinic\u00b4s new name would be Gil Dental&nbsp;Group. Our team\u00b4s expertise in all forms of dentistry allows us to maintain a level of excellence that is unrivaled in Costa Rica.<\/p>\n\n\n\n<figure class=\"wp-block-gallery has-nested-images columns-4 is-cropped wp-block-gallery-2 is-layout-flex wp-block-gallery-is-layout-flex\">\n<figure class=\"wp-block-image size-large round-borders\"><img loading=\"lazy\" decoding=\"async\" width=\"1024\" height=\"683\" data-id=\"1575\" src=\"https:\/\/www.gildentalclinic.com\/wp-content\/uploads\/2022\/01\/clinica-gil-escazu-web-gallery-3-1024x683.jpg\" alt=\"entrada clinica dental gil escazu\" class=\"wp-image-1575\" srcset=\"https:\/\/www.gildentalclinic.com\/wp-content\/uploads\/2022\/01\/clinica-gil-escazu-web-gallery-3-1024x683.jpg 1024w, https:\/\/www.gildentalclinic.com\/wp-content\/uploads\/2022\/01\/clinica-gil-escazu-web-gallery-3-300x200.jpg 300w, https:\/\/www.gildentalclinic.com\/wp-content\/uploads\/2022\/01\/clinica-gil-escazu-web-gallery-3-768x512.jpg 768w, https:\/\/www.gildentalclinic.com\/wp-content\/uploads\/2022\/01\/clinica-gil-escazu-web-gallery-3.jpg 1200w\" sizes=\"auto, (max-width: 1024px) 100vw, 1024px\" \/><\/figure>\n\n\n\n<figure class=\"wp-block-image size-large round-borders\"><img loading=\"lazy\" decoding=\"async\" width=\"1024\" height=\"683\" data-id=\"1576\" src=\"https:\/\/www.gildentalclinic.com\/wp-content\/uploads\/2022\/01\/clinica-gil-escazu-web-gallery-4-1024x683.jpg\" alt=\"sala de espera clinica dental gil escazu\" class=\"wp-image-1576\" srcset=\"https:\/\/www.gildentalclinic.com\/wp-content\/uploads\/2022\/01\/clinica-gil-escazu-web-gallery-4-1024x683.jpg 1024w, https:\/\/www.gildentalclinic.com\/wp-content\/uploads\/2022\/01\/clinica-gil-escazu-web-gallery-4-300x200.jpg 300w, https:\/\/www.gildentalclinic.com\/wp-content\/uploads\/2022\/01\/clinica-gil-escazu-web-gallery-4-768x512.jpg 768w, https:\/\/www.gildentalclinic.com\/wp-content\/uploads\/2022\/01\/clinica-gil-escazu-web-gallery-4.jpg 1200w\" sizes=\"auto, (max-width: 1024px) 100vw, 1024px\" \/><\/figure>\n\n\n\n<figure class=\"wp-block-image size-large round-borders\"><img loading=\"lazy\" decoding=\"async\" width=\"1024\" height=\"683\" data-id=\"1577\" src=\"https:\/\/www.gildentalclinic.com\/wp-content\/uploads\/2022\/01\/clinica-gil-escazu-web-gallery-5-1024x683.jpg\" alt=\"recepcion clinica dental gil escazu\" class=\"wp-image-1577\" srcset=\"https:\/\/www.gildentalclinic.com\/wp-content\/uploads\/2022\/01\/clinica-gil-escazu-web-gallery-5-1024x683.jpg 1024w, https:\/\/www.gildentalclinic.com\/wp-content\/uploads\/2022\/01\/clinica-gil-escazu-web-gallery-5-300x200.jpg 300w, https:\/\/www.gildentalclinic.com\/wp-content\/uploads\/2022\/01\/clinica-gil-escazu-web-gallery-5-768x512.jpg 768w, https:\/\/www.gildentalclinic.com\/wp-content\/uploads\/2022\/01\/clinica-gil-escazu-web-gallery-5.jpg 1200w\" sizes=\"auto, (max-width: 1024px) 100vw, 1024px\" \/><\/figure>\n\n\n\n<figure class=\"wp-block-image size-large round-borders\"><img loading=\"lazy\" decoding=\"async\" width=\"1024\" height=\"683\" data-id=\"1579\" src=\"https:\/\/www.gildentalclinic.com\/wp-content\/uploads\/2022\/01\/clinica-gil-escazu-web-gallery-7-1024x683.jpg\" alt=\"consultorios clinica dental gil escazu\" class=\"wp-image-1579\" srcset=\"https:\/\/www.gildentalclinic.com\/wp-content\/uploads\/2022\/01\/clinica-gil-escazu-web-gallery-7-1024x683.jpg 1024w, https:\/\/www.gildentalclinic.com\/wp-content\/uploads\/2022\/01\/clinica-gil-escazu-web-gallery-7-300x200.jpg 300w, https:\/\/www.gildentalclinic.com\/wp-content\/uploads\/2022\/01\/clinica-gil-escazu-web-gallery-7-768x512.jpg 768w, https:\/\/www.gildentalclinic.com\/wp-content\/uploads\/2022\/01\/clinica-gil-escazu-web-gallery-7.jpg 1200w\" sizes=\"auto, (max-width: 1024px) 100vw, 1024px\" \/><\/figure>\n\n\n\n<figure class=\"wp-block-image size-large round-borders\"><img loading=\"lazy\" decoding=\"async\" width=\"1024\" height=\"683\" data-id=\"1578\" src=\"https:\/\/www.gildentalclinic.com\/wp-content\/uploads\/2022\/01\/clinica-gil-escazu-web-gallery-6-1024x683.jpg\" alt=\"consultorio vacio clinica dental gil escazu\" class=\"wp-image-1578\" srcset=\"https:\/\/www.gildentalclinic.com\/wp-content\/uploads\/2022\/01\/clinica-gil-escazu-web-gallery-6-1024x683.jpg 1024w, https:\/\/www.gildentalclinic.com\/wp-content\/uploads\/2022\/01\/clinica-gil-escazu-web-gallery-6-300x200.jpg 300w, https:\/\/www.gildentalclinic.com\/wp-content\/uploads\/2022\/01\/clinica-gil-escazu-web-gallery-6-768x512.jpg 768w, https:\/\/www.gildentalclinic.com\/wp-content\/uploads\/2022\/01\/clinica-gil-escazu-web-gallery-6.jpg 1200w\" sizes=\"auto, (max-width: 1024px) 100vw, 1024px\" \/><\/figure>\n\n\n\n<figure class=\"wp-block-image size-large round-borders\"><img loading=\"lazy\" decoding=\"async\" width=\"1024\" height=\"683\" data-id=\"1573\" src=\"https:\/\/www.gildentalclinic.com\/wp-content\/uploads\/2022\/01\/clinica-gil-escazu-web-gallery-1-1024x683.jpg\" alt=\"doctor atendiendo en clinica dental gil escazu\" class=\"wp-image-1573\" srcset=\"https:\/\/www.gildentalclinic.com\/wp-content\/uploads\/2022\/01\/clinica-gil-escazu-web-gallery-1-1024x683.jpg 1024w, https:\/\/www.gildentalclinic.com\/wp-content\/uploads\/2022\/01\/clinica-gil-escazu-web-gallery-1-300x200.jpg 300w, https:\/\/www.gildentalclinic.com\/wp-content\/uploads\/2022\/01\/clinica-gil-escazu-web-gallery-1-768x512.jpg 768w, https:\/\/www.gildentalclinic.com\/wp-content\/uploads\/2022\/01\/clinica-gil-escazu-web-gallery-1.jpg 1200w\" sizes=\"auto, (max-width: 1024px) 100vw, 1024px\" \/><\/figure>\n\n\n\n<figure class=\"wp-block-image size-large round-borders\"><img loading=\"lazy\" decoding=\"async\" width=\"1024\" height=\"683\" data-id=\"1582\" src=\"https:\/\/www.gildentalclinic.com\/wp-content\/uploads\/2022\/01\/clinica-gil-escazu-web-gallery-10-1024x683.jpg\" alt=\"vista exterior consultorio dental gil escazu\" class=\"wp-image-1582\" srcset=\"https:\/\/www.gildentalclinic.com\/wp-content\/uploads\/2022\/01\/clinica-gil-escazu-web-gallery-10-1024x683.jpg 1024w, https:\/\/www.gildentalclinic.com\/wp-content\/uploads\/2022\/01\/clinica-gil-escazu-web-gallery-10-300x200.jpg 300w, https:\/\/www.gildentalclinic.com\/wp-content\/uploads\/2022\/01\/clinica-gil-escazu-web-gallery-10-768x512.jpg 768w, https:\/\/www.gildentalclinic.com\/wp-content\/uploads\/2022\/01\/clinica-gil-escazu-web-gallery-10.jpg 1200w\" sizes=\"auto, (max-width: 1024px) 100vw, 1024px\" \/><\/figure>\n\n\n\n<figure class=\"wp-block-image size-large round-borders\"><img loading=\"lazy\" decoding=\"async\" width=\"1024\" height=\"683\" data-id=\"1583\" src=\"https:\/\/www.gildentalclinic.com\/wp-content\/uploads\/2022\/01\/clinica-gil-escazu-web-gallery-11-1024x683.jpg\" alt=\"tomografo dental clinica dental escazu\" class=\"wp-image-1583\" srcset=\"https:\/\/www.gildentalclinic.com\/wp-content\/uploads\/2022\/01\/clinica-gil-escazu-web-gallery-11-1024x683.jpg 1024w, https:\/\/www.gildentalclinic.com\/wp-content\/uploads\/2022\/01\/clinica-gil-escazu-web-gallery-11-300x200.jpg 300w, https:\/\/www.gildentalclinic.com\/wp-content\/uploads\/2022\/01\/clinica-gil-escazu-web-gallery-11-768x512.jpg 768w, https:\/\/www.gildentalclinic.com\/wp-content\/uploads\/2022\/01\/clinica-gil-escazu-web-gallery-11.jpg 1200w\" sizes=\"auto, (max-width: 1024px) 100vw, 1024px\" \/><\/figure>\n<\/figure>\n\n\n<div class=\"gb-container gb-container-0c3e9630\">\n\n<a class=\"gb-button gb-button-db74e733 gb-button-ddd4e330\" href=\"\/contacto\/\"><span class=\"gb-icon\"><svg viewBox=\"0 0 256 512\" xmlns=\"http:\/\/www.w3.org\/2000\/svg\"><path d=\"M246.6 233.4c12.5 12.5 12.5 32.8 0 45.3l-160 160c-12.5 12.5-32.8 12.5-45.3 0s-12.5-32.8 0-45.3L178.7 256 41.4 118.6c-12.5-12.5-12.5-32.8 0-45.3s32.8-12.5 45.3 0l160 160z\"><\/path><\/svg><\/span><span class=\"gb-button-text\">Ver horario y direcci\u00f3n de cl\u00ednicas<\/span><\/a>\n\n<\/div>\n<\/div>\n<\/div>\n\n<div class=\"gb-container gb-container-3ceedce6 alignfull\">\n<div class=\"gb-container gb-container-80c3e019\">\n\n<p class=\"has-titles-text-color has-text-color has-link-color wp-elements-eda2e4de9e5fe225a2c6eaf85aa0664e\"><strong>Address:<\/strong> <a href=\"https:\/\/www.google.com\/maps?cid=6931742557444818618\">Lateral Pr\u00f3spero Fernandez Edificio Fuentecantos, right across from Hospital Cima 300 mts west from Gasolinera Uno, San Jos\u00e9 Province, Escazu, 10201, Costa Rica<\/a><\/p>\n\n\n\n<p class=\"has-titles-text-color has-text-color has-link-color wp-elements-f6087d6de3e75f097d554853f78c325e\"><strong>Phone:<\/strong>&nbsp;<a href=\"tel:+50622886060\">+506 2288 6060<\/a><\/p>\n\n\n\n<p class=\"has-titles-text-color has-text-color has-link-color wp-elements-1a221cb40dc81b0a61e00f5d922a9964\"><strong>Clinic Hours:<\/strong>&nbsp;Monday &#8211; Thursday 9:00 a.m. to 6:00 p.m.<br>Friday de 9:00 a.m. a 4:00 p.m.<\/p>\n\n<\/div>\n<\/div>","protected":false},"excerpt":{"rendered":"<p>Escaz\u00fa Dental Clinic Throughout the 1990s, the accelerated growth of Escaz\u00fa provided an opportunity for the Gil Dental Clinic to expand beyond its San Pedro roots and into a new, local community. \u201cWe wanted this to be a place where people from the entire western side of San Jos\u00e9\u2014not just Escaz\u00fa\u2014could go to fulfill their &#8230; <a title=\"Escaz\u00fa Dental Clinic\" class=\"read-more\" href=\"https:\/\/www.gildentalclinic.com\/en\/escazu-dental-clinic\/\" aria-label=\"Read more about Escaz\u00fa Dental Clinic\">Read more<\/a><\/p>\n","protected":false},"author":19,"featured_media":0,"parent":0,"menu_order":0,"comment_status":"closed","ping_status":"closed","template":"","meta":{"_acf_changed":false,"inline_featured_image":false,"footnotes":""},"categories":[],"class_list":["post-8094","page","type-page","status-publish"],"acf":[],"yoast_head":"<!-- This site is optimized with the Yoast SEO plugin v26.9 - https:\/\/yoast.com\/product\/yoast-seo-wordpress\/ -->\n<title>Gil Dental Clinic in Escaz\u00fa, San Jos\u00e9 - Costa Rica<\/title>\n<meta name=\"description\" content=\"In our clicnic located in Escaz\u00fa we offer multiple dental treatments to take care of your smile, with a team of professionals.\" \/>\n<meta name=\"robots\" content=\"index, follow, max-snippet:-1, max-image-preview:large, max-video-preview:-1\" \/>\n<link rel=\"canonical\" href=\"https:\/\/www.gildentalclinic.com\/en\/escazu-dental-clinic\/\" \/>\n<meta property=\"og:locale\" content=\"en_US\" \/>\n<meta property=\"og:type\" content=\"article\" \/>\n<meta property=\"og:title\" content=\"Gil Dental Clinic in Escaz\u00fa, San Jos\u00e9 - Costa Rica\" \/>\n<meta property=\"og:description\" content=\"In our clicnic located in Escaz\u00fa we offer multiple dental treatments to take care of your smile, with a team of professionals.\" \/>\n<meta property=\"og:url\" content=\"https:\/\/www.gildentalclinic.com\/en\/escazu-dental-clinic\/\" \/>\n<meta property=\"og:site_name\" content=\"Gil Dental Clinic\" \/>\n<meta property=\"article:publisher\" content=\"https:\/\/www.facebook.com\/grupogildental\" \/>\n<meta property=\"article:modified_time\" content=\"2025-05-06T03:28:53+00:00\" \/>\n<meta property=\"og:image\" content=\"https:\/\/www.gildentalclinic.com\/wp-content\/uploads\/2022\/01\/clinica-gil-escazu-web-gallery-13-1024x683.jpg\" \/>\n<meta name=\"twitter:card\" content=\"summary_large_image\" \/>\n<meta name=\"twitter:label1\" content=\"Est. reading time\" \/>\n\t<meta name=\"twitter:data1\" content=\"4 minutes\" \/>\n<script type=\"application\/ld+json\" class=\"yoast-schema-graph\">{\"@context\":\"https:\/\/schema.org\",\"@graph\":[{\"@type\":\"WebPage\",\"@id\":\"https:\/\/www.gildentalclinic.com\/en\/escazu-dental-clinic\/\",\"url\":\"https:\/\/www.gildentalclinic.com\/en\/escazu-dental-clinic\/\",\"name\":\"Gil Dental Clinic in Escaz\u00fa, San Jos\u00e9 - Costa Rica\",\"isPartOf\":{\"@id\":\"https:\/\/www.gildentalclinic.com\/en\/#website\"},\"primaryImageOfPage\":{\"@id\":\"https:\/\/www.gildentalclinic.com\/en\/escazu-dental-clinic\/#primaryimage\"},\"image\":{\"@id\":\"https:\/\/www.gildentalclinic.com\/en\/escazu-dental-clinic\/#primaryimage\"},\"thumbnailUrl\":\"https:\/\/www.gildentalclinic.com\/wp-content\/uploads\/2022\/01\/clinica-gil-escazu-web-gallery-13-1024x683.jpg\",\"datePublished\":\"2023-03-30T08:37:42+00:00\",\"dateModified\":\"2025-05-06T03:28:53+00:00\",\"description\":\"In our clicnic located in Escaz\u00fa we offer multiple dental treatments to take care of your smile, with a team of professionals.\",\"breadcrumb\":{\"@id\":\"https:\/\/www.gildentalclinic.com\/en\/escazu-dental-clinic\/#breadcrumb\"},\"inLanguage\":\"en-US\",\"potentialAction\":[{\"@type\":\"ReadAction\",\"target\":[\"https:\/\/www.gildentalclinic.com\/en\/escazu-dental-clinic\/\"]}]},{\"@type\":\"ImageObject\",\"inLanguage\":\"en-US\",\"@id\":\"https:\/\/www.gildentalclinic.com\/en\/escazu-dental-clinic\/#primaryimage\",\"url\":\"https:\/\/www.gildentalclinic.com\/wp-content\/uploads\/2022\/01\/clinica-gil-escazu-web-gallery-13-1024x683.jpg\",\"contentUrl\":\"https:\/\/www.gildentalclinic.com\/wp-content\/uploads\/2022\/01\/clinica-gil-escazu-web-gallery-13-1024x683.jpg\"},{\"@type\":\"BreadcrumbList\",\"@id\":\"https:\/\/www.gildentalclinic.com\/en\/escazu-dental-clinic\/#breadcrumb\",\"itemListElement\":[{\"@type\":\"ListItem\",\"position\":1,\"name\":\"Home\",\"item\":\"https:\/\/www.gildentalclinic.com\/en\/\"},{\"@type\":\"ListItem\",\"position\":2,\"name\":\"Escaz\u00fa Dental Clinic\"}]},{\"@type\":\"WebSite\",\"@id\":\"https:\/\/www.gildentalclinic.com\/en\/#website\",\"url\":\"https:\/\/www.gildentalclinic.com\/en\/\",\"name\":\"Gil Dental Clinic\",\"description\":\"\",\"publisher\":{\"@id\":\"https:\/\/www.gildentalclinic.com\/en\/#organization\"},\"potentialAction\":[{\"@type\":\"SearchAction\",\"target\":{\"@type\":\"EntryPoint\",\"urlTemplate\":\"https:\/\/www.gildentalclinic.com\/en\/?s={search_term_string}\"},\"query-input\":{\"@type\":\"PropertyValueSpecification\",\"valueRequired\":true,\"valueName\":\"search_term_string\"}}],\"inLanguage\":\"en-US\"},{\"@type\":\"Organization\",\"@id\":\"https:\/\/www.gildentalclinic.com\/en\/#organization\",\"name\":\"Gil Dental Clinic\",\"url\":\"https:\/\/www.gildentalclinic.com\/en\/\",\"logo\":{\"@type\":\"ImageObject\",\"inLanguage\":\"en-US\",\"@id\":\"https:\/\/www.gildentalclinic.com\/en\/#\/schema\/logo\/image\/\",\"url\":\"https:\/\/www.gildentalclinic.com\/wp-content\/uploads\/2025\/04\/V_GDG_04.png\",\"contentUrl\":\"https:\/\/www.gildentalclinic.com\/wp-content\/uploads\/2025\/04\/V_GDG_04.png\",\"width\":1080,\"height\":559,\"caption\":\"Gil Dental Clinic\"},\"image\":{\"@id\":\"https:\/\/www.gildentalclinic.com\/en\/#\/schema\/logo\/image\/\"},\"sameAs\":[\"https:\/\/www.facebook.com\/grupogildental\"]}]}<\/script>\n<!-- \/ Yoast SEO plugin. -->","yoast_head_json":{"title":"Gil Dental Clinic in Escaz\u00fa, San Jos\u00e9 - Costa Rica","description":"In our clicnic located in Escaz\u00fa we offer multiple dental treatments to take care of your smile, with a team of professionals.","robots":{"index":"index","follow":"follow","max-snippet":"max-snippet:-1","max-image-preview":"max-image-preview:large","max-video-preview":"max-video-preview:-1"},"canonical":"https:\/\/www.gildentalclinic.com\/en\/escazu-dental-clinic\/","og_locale":"en_US","og_type":"article","og_title":"Gil Dental Clinic in Escaz\u00fa, San Jos\u00e9 - Costa Rica","og_description":"In our clicnic located in Escaz\u00fa we offer multiple dental treatments to take care of your smile, with a team of professionals.","og_url":"https:\/\/www.gildentalclinic.com\/en\/escazu-dental-clinic\/","og_site_name":"Gil Dental Clinic","article_publisher":"https:\/\/www.facebook.com\/grupogildental","article_modified_time":"2025-05-06T03:28:53+00:00","og_image":[{"url":"https:\/\/www.gildentalclinic.com\/wp-content\/uploads\/2022\/01\/clinica-gil-escazu-web-gallery-13-1024x683.jpg","type":"","width":"","height":""}],"twitter_card":"summary_large_image","twitter_misc":{"Est. reading time":"4 minutes"},"schema":{"@context":"https:\/\/schema.org","@graph":[{"@type":"WebPage","@id":"https:\/\/www.gildentalclinic.com\/en\/escazu-dental-clinic\/","url":"https:\/\/www.gildentalclinic.com\/en\/escazu-dental-clinic\/","name":"Gil Dental Clinic in Escaz\u00fa, San Jos\u00e9 - Costa Rica","isPartOf":{"@id":"https:\/\/www.gildentalclinic.com\/en\/#website"},"primaryImageOfPage":{"@id":"https:\/\/www.gildentalclinic.com\/en\/escazu-dental-clinic\/#primaryimage"},"image":{"@id":"https:\/\/www.gildentalclinic.com\/en\/escazu-dental-clinic\/#primaryimage"},"thumbnailUrl":"https:\/\/www.gildentalclinic.com\/wp-content\/uploads\/2022\/01\/clinica-gil-escazu-web-gallery-13-1024x683.jpg","datePublished":"2023-03-30T08:37:42+00:00","dateModified":"2025-05-06T03:28:53+00:00","description":"In our clicnic located in Escaz\u00fa we offer multiple dental treatments to take care of your smile, with a team of professionals.","breadcrumb":{"@id":"https:\/\/www.gildentalclinic.com\/en\/escazu-dental-clinic\/#breadcrumb"},"inLanguage":"en-US","potentialAction":[{"@type":"ReadAction","target":["https:\/\/www.gildentalclinic.com\/en\/escazu-dental-clinic\/"]}]},{"@type":"ImageObject","inLanguage":"en-US","@id":"https:\/\/www.gildentalclinic.com\/en\/escazu-dental-clinic\/#primaryimage","url":"https:\/\/www.gildentalclinic.com\/wp-content\/uploads\/2022\/01\/clinica-gil-escazu-web-gallery-13-1024x683.jpg","contentUrl":"https:\/\/www.gildentalclinic.com\/wp-content\/uploads\/2022\/01\/clinica-gil-escazu-web-gallery-13-1024x683.jpg"},{"@type":"BreadcrumbList","@id":"https:\/\/www.gildentalclinic.com\/en\/escazu-dental-clinic\/#breadcrumb","itemListElement":[{"@type":"ListItem","position":1,"name":"Home","item":"https:\/\/www.gildentalclinic.com\/en\/"},{"@type":"ListItem","position":2,"name":"Escaz\u00fa Dental Clinic"}]},{"@type":"WebSite","@id":"https:\/\/www.gildentalclinic.com\/en\/#website","url":"https:\/\/www.gildentalclinic.com\/en\/","name":"Gil Dental Clinic","description":"","publisher":{"@id":"https:\/\/www.gildentalclinic.com\/en\/#organization"},"potentialAction":[{"@type":"SearchAction","target":{"@type":"EntryPoint","urlTemplate":"https:\/\/www.gildentalclinic.com\/en\/?s={search_term_string}"},"query-input":{"@type":"PropertyValueSpecification","valueRequired":true,"valueName":"search_term_string"}}],"inLanguage":"en-US"},{"@type":"Organization","@id":"https:\/\/www.gildentalclinic.com\/en\/#organization","name":"Gil Dental Clinic","url":"https:\/\/www.gildentalclinic.com\/en\/","logo":{"@type":"ImageObject","inLanguage":"en-US","@id":"https:\/\/www.gildentalclinic.com\/en\/#\/schema\/logo\/image\/","url":"https:\/\/www.gildentalclinic.com\/wp-content\/uploads\/2025\/04\/V_GDG_04.png","contentUrl":"https:\/\/www.gildentalclinic.com\/wp-content\/uploads\/2025\/04\/V_GDG_04.png","width":1080,"height":559,"caption":"Gil Dental Clinic"},"image":{"@id":"https:\/\/www.gildentalclinic.com\/en\/#\/schema\/logo\/image\/"},"sameAs":["https:\/\/www.facebook.com\/grupogildental"]}]}},"_links":{"self":[{"href":"https:\/\/www.gildentalclinic.com\/en\/wp-json\/wp\/v2\/pages\/8094","targetHints":{"allow":["GET"]}}],"collection":[{"href":"https:\/\/www.gildentalclinic.com\/en\/wp-json\/wp\/v2\/pages"}],"about":[{"href":"https:\/\/www.gildentalclinic.com\/en\/wp-json\/wp\/v2\/types\/page"}],"author":[{"embeddable":true,"href":"https:\/\/www.gildentalclinic.com\/en\/wp-json\/wp\/v2\/users\/19"}],"replies":[{"embeddable":true,"href":"https:\/\/www.gildentalclinic.com\/en\/wp-json\/wp\/v2\/comments?post=8094"}],"version-history":[{"count":23,"href":"https:\/\/www.gildentalclinic.com\/en\/wp-json\/wp\/v2\/pages\/8094\/revisions"}],"predecessor-version":[{"id":13802,"href":"https:\/\/www.gildentalclinic.com\/en\/wp-json\/wp\/v2\/pages\/8094\/revisions\/13802"}],"wp:attachment":[{"href":"https:\/\/www.gildentalclinic.com\/en\/wp-json\/wp\/v2\/media?parent=8094"}],"wp:term":[{"taxonomy":"category","embeddable":true,"href":"https:\/\/www.gildentalclinic.com\/en\/wp-json\/wp\/v2\/categories?post=8094"}],"curies":[{"name":"wp","href":"https:\/\/api.w.org\/{rel}","templated":true}]}}