{"id":8812,"date":"2023-03-28T16:15:59","date_gmt":"2023-03-28T22:15:59","guid":{"rendered":"https:\/\/newgil.hvega.com\/?page_id=8812"},"modified":"2024-10-24T11:24:34","modified_gmt":"2024-10-24T17:24:34","slug":"bruxism-consequences-solutions","status":"publish","type":"page","link":"https:\/\/www.gildentalclinic.com\/en\/bruxism-consequences-solutions\/","title":{"rendered":"Bruxism"},"content":{"rendered":"\n<p class=\"has-text-align-center\">Schedule an appointment at Gil Dental Clinic<\/p>\n\n\n\n<p class=\"has-text-align-center\"><strong><a href=\"https:\/\/www.gildentalclinic.com\/en\/san-pedro-dental-clinic\/\">San Pedro<\/a>&nbsp;|&nbsp;<a href=\"https:\/\/www.gildentalclinic.com\/en\/escazu-dental-clinic\/\">Escaz\u00fa<\/a>&nbsp;|&nbsp;<a href=\"https:\/\/www.gildentalclinic.com\/en\/guanacaste-dental-clinic\/\">Guanacaste<\/a><\/strong><\/p>\n\n\n\n<div id=\"block_4484eff175c2e59c6b10ed496e5f8525\" class=\"content-accordion\" data-open-first=\"true\">    \n\n<div class=\"accordion-wrapper accordion\">\n<div name=\"block_38fc0f108b3be8cd0e1ba5832fc97509\" class=\"accordion-item\"><div class=\"accordion_item_title\"><div class=\"title-icon-open\"><svg width=\"42\" height=\"24\" viewBox=\"0 0 42 24\" fill=\"none\" xmlns=\"http:\/\/www.w3.org\/2000\/svg\"><path d=\"M2 2L21 21L40 2\" stroke=\"#3D472B\" stroke-width=\"3\"\/><\/svg><\/div><div class=\"title-icon-close\"><svg width=\"42\" height=\"24\" viewBox=\"0 0 42 24\" fill=\"none\" xmlns=\"http:\/\/www.w3.org\/2000\/svg\"><path d=\"M40 22L21 3L2 22\" stroke=\"#3D472B\" stroke-width=\"3\"\/><\/svg><\/div><h3>What is bruxism?<\/h3><\/div><div class=\"accordion_item_content\">\n\n<p>Bruxism consists of the involuntary habit of clenching and grinding the teeth without any functional purpose (masticatory), as well as moving them sideways.<\/p>\n\n\n\n<p>People who have bruxism strongly press their upper teeth against the lower ones and move them back and forth and side to side. Most of the time, this is done unconsciously, causing, among other effects, wear of the teeth.<\/p>\n\n\n\n<p>People with bruxism may&nbsp;<a rel=\"noreferrer noopener\" href=\"https:\/\/www.mayoclinic.org\/diseases-conditions\/bruxism\/symptoms-causes\/syc-20356095\" target=\"_blank\">clench and grind their teeth while sleeping<\/a>&nbsp;(nocturnal bruxism) or while awake (daytime bruxism).<\/p>\n\n<\/div><\/div>\n\n<div name=\"block_3fba16f9d7984edd1a7f002ac2f2ec05\" class=\"accordion-item\"><div class=\"accordion_item_title\"><div class=\"title-icon-open\"><svg width=\"42\" height=\"24\" viewBox=\"0 0 42 24\" fill=\"none\" xmlns=\"http:\/\/www.w3.org\/2000\/svg\"><path d=\"M2 2L21 21L40 2\" stroke=\"#3D472B\" stroke-width=\"3\"\/><\/svg><\/div><div class=\"title-icon-close\"><svg width=\"42\" height=\"24\" viewBox=\"0 0 42 24\" fill=\"none\" xmlns=\"http:\/\/www.w3.org\/2000\/svg\"><path d=\"M40 22L21 3L2 22\" stroke=\"#3D472B\" stroke-width=\"3\"\/><\/svg><\/div><h3>Causes of bruxism<\/h3><\/div><div class=\"accordion_item_content\">\n\n<p>There are different causes of bruxism. It is mostly caused by triggers that are related to stress management,&nbsp;<a href=\"https:\/\/www.hopkinsmedicine.org\/health\/conditions-and-diseases\/bruxism\" target=\"_blank\" rel=\"noreferrer noopener\">anger or frustration<\/a>.<\/p>\n\n\n\n<p>In a smaller proportion, bruxism is a result of physical factors such as misalignment of the teeth or&nbsp;<a href=\"https:\/\/www.gildentalclinic.com\/en\/dental-implants\/\">dental prostheses<\/a>&nbsp;that do not fit properly. In addition, bruxism is associated with sleep disorders and even certain ailments.<\/p>\n\n<\/div><\/div>\n\n<div name=\"block_21ae9ef717f19f6fdb7b6d038298a201\" class=\"accordion-item\"><div class=\"accordion_item_title\"><div class=\"title-icon-open\"><svg width=\"42\" height=\"24\" viewBox=\"0 0 42 24\" fill=\"none\" xmlns=\"http:\/\/www.w3.org\/2000\/svg\"><path d=\"M2 2L21 21L40 2\" stroke=\"#3D472B\" stroke-width=\"3\"\/><\/svg><\/div><div class=\"title-icon-close\"><svg width=\"42\" height=\"24\" viewBox=\"0 0 42 24\" fill=\"none\" xmlns=\"http:\/\/www.w3.org\/2000\/svg\"><path d=\"M40 22L21 3L2 22\" stroke=\"#3D472B\" stroke-width=\"3\"\/><\/svg><\/div><h3>Consequences or symptoms of bruxism<\/h3><\/div><div class=\"accordion_item_content\">\n\n<p>Clenching or grinding your teeth can cause various problems:<\/p>\n\n\n\n<p><strong>In the teeth<\/strong><\/p>\n\n\n\n<ul class=\"wp-block-list\">\n<li>Wear of the dental pieces. By rubbing the upper teeth with the lower ones, there is a wear of the hard structures of the tooth that in the long term causes their disruption.<\/li>\n\n\n\n<li>The teeth move and malocclusion occurs: the force that is exerted, either by pressure, by movement or both, causes the teeth to change their position over time due to damage to the supporting bone.<\/li>\n\n\n\n<li>Mobility of the dental pieces: The permanent overload of bruxism can damage the bone and the gums causing the teeth to become loose.<\/li>\n<\/ul>\n\n\n\n<p><strong>In the muscles and joints<\/strong><\/p>\n\n\n\n<ul class=\"wp-block-list\">\n<li>Muscle pain: The tension exerted by bruxism does not allow the muscles to relax; painful hardening of the muscles is formed.<\/li>\n\n\n\n<li>Temporomandibular joint pain: Tension and movement also affect the joints.<\/li>\n<\/ul>\n\n\n\n<p><strong>Others<\/strong><\/p>\n\n\n\n<p>In cases of severe bruxism, the forces that are generated can cause tension in the head and neck area, as well as face and headache pain.<\/p>\n\n\n\n<p>Sometimes myofascial pain, in the area around the ear, can be confused with ear pain.<\/p>\n\n<\/div><\/div>\n\n<div name=\"block_ac19358b61bf8fc08bd11a69844c812d\" class=\"accordion-item\"><div class=\"accordion_item_title\"><div class=\"title-icon-open\"><svg width=\"42\" height=\"24\" viewBox=\"0 0 42 24\" fill=\"none\" xmlns=\"http:\/\/www.w3.org\/2000\/svg\"><path d=\"M2 2L21 21L40 2\" stroke=\"#3D472B\" stroke-width=\"3\"\/><\/svg><\/div><div class=\"title-icon-close\"><svg width=\"42\" height=\"24\" viewBox=\"0 0 42 24\" fill=\"none\" xmlns=\"http:\/\/www.w3.org\/2000\/svg\"><path d=\"M40 22L21 3L2 22\" stroke=\"#3D472B\" stroke-width=\"3\"\/><\/svg><\/div><h3>How do I know if I suffer from bruxism?<\/h3><\/div><div class=\"accordion_item_content\">\n\n<p>The first indication is to determine if you suffer from any of the consequences mentioned above.<\/p>\n\n\n\n<p>The second is to request an appointment and have a specialist determine if you have bruxism.<\/p>\n\n\n<div class=\"gb-container gb-container-a830e117\">\n<div class=\"gb-grid-wrapper gb-grid-wrapper-2096963b\">\n<div class=\"gb-grid-column gb-grid-column-8f95ac82\"><div class=\"gb-container gb-container-8f95ac82\">\n\n<div class=\"gb-headline gb-headline-351eede6 gb-headline-text\"><strong>Before<\/strong><\/div>\n\n\n\n<figure class=\"gb-block-image gb-block-image-1d1ec4b8\"><img loading=\"lazy\" decoding=\"async\" width=\"500\" height=\"333\" class=\"gb-image gb-image-1d1ec4b8\" src=\"https:\/\/www.gildentalclinic.com\/wp-content\/uploads\/2021\/05\/Rehabilitacion-Completa-3-antes.jpg\" alt=\"before bruxism pacient\" title=\"Rehabilitacion-Completa-3-antes\" srcset=\"https:\/\/www.gildentalclinic.com\/wp-content\/uploads\/2021\/05\/Rehabilitacion-Completa-3-antes.jpg 500w, https:\/\/www.gildentalclinic.com\/wp-content\/uploads\/2021\/05\/Rehabilitacion-Completa-3-antes-300x200.jpg 300w\" sizes=\"auto, (max-width: 500px) 100vw, 500px\" \/><\/figure>\n\n<\/div><\/div>\n\n<div class=\"gb-grid-column gb-grid-column-95a760ec\"><div class=\"gb-container gb-container-95a760ec\">\n\n<div class=\"gb-headline gb-headline-43185572 gb-headline-text\"><strong>After<\/strong><\/div>\n\n\n\n<figure class=\"gb-block-image gb-block-image-8284f82c\"><img loading=\"lazy\" decoding=\"async\" width=\"500\" height=\"333\" class=\"gb-image gb-image-8284f82c\" src=\"https:\/\/www.gildentalclinic.com\/wp-content\/uploads\/2021\/05\/Rehabilitacion-Completa-3-despues.jpg\" alt=\"fotograf\u00eda de una dentadura despu\u00e9s de haberse sometido a una Rehabilitaci\u00f3n Completa\" title=\"Rehabilitacion-Completa-3-despues\" srcset=\"https:\/\/www.gildentalclinic.com\/wp-content\/uploads\/2021\/05\/Rehabilitacion-Completa-3-despues.jpg 500w, https:\/\/www.gildentalclinic.com\/wp-content\/uploads\/2021\/05\/Rehabilitacion-Completa-3-despues-300x200.jpg 300w\" sizes=\"auto, (max-width: 500px) 100vw, 500px\" \/><\/figure>\n\n<\/div><\/div>\n<\/div>\n<\/div>\n<\/div><\/div>\n\n<div name=\"block_1b1024125e5092e69203585c6386797d\" class=\"accordion-item\"><div class=\"accordion_item_title\"><div class=\"title-icon-open\"><svg width=\"42\" height=\"24\" viewBox=\"0 0 42 24\" fill=\"none\" xmlns=\"http:\/\/www.w3.org\/2000\/svg\"><path d=\"M2 2L21 21L40 2\" stroke=\"#3D472B\" stroke-width=\"3\"\/><\/svg><\/div><div class=\"title-icon-close\"><svg width=\"42\" height=\"24\" viewBox=\"0 0 42 24\" fill=\"none\" xmlns=\"http:\/\/www.w3.org\/2000\/svg\"><path d=\"M40 22L21 3L2 22\" stroke=\"#3D472B\" stroke-width=\"3\"\/><\/svg><\/div><h3>Bruxism treatment in Costa Rica<\/h3><\/div><div class=\"accordion_item_content\">\n\n<p>Even though the main causes of bruxism are not of dental origin, the manifestations are at the dental level.<\/p>\n\n\n\n<p>The&nbsp;<a href=\"https:\/\/www.ncbi.nlm.nih.gov\/pmc\/articles\/PMC4761372\/\" target=\"_blank\" rel=\"noreferrer noopener\">treatment<\/a>&nbsp;works to reduce dental injuries, permanent damage to the jaw and pain reduction, but is not a solution of the causes.<\/p>\n\n\n\n<p>Patients are advised to wear a splint to prevent damage from grinding.<\/p>\n\n\n\n<p>In severe cases, tooth wear that causes discomfort and affects chewing can be corrected with dental crowns.<\/p>\n\n<\/div><\/div>\n\n<div name=\"block_ea8235efe6fb8e82327a5c084ebca8ef\" class=\"accordion-item\"><div class=\"accordion_item_title\"><div class=\"title-icon-open\"><svg width=\"42\" height=\"24\" viewBox=\"0 0 42 24\" fill=\"none\" xmlns=\"http:\/\/www.w3.org\/2000\/svg\"><path d=\"M2 2L21 21L40 2\" stroke=\"#3D472B\" stroke-width=\"3\"\/><\/svg><\/div><div class=\"title-icon-close\"><svg width=\"42\" height=\"24\" viewBox=\"0 0 42 24\" fill=\"none\" xmlns=\"http:\/\/www.w3.org\/2000\/svg\"><path d=\"M40 22L21 3L2 22\" stroke=\"#3D472B\" stroke-width=\"3\"\/><\/svg><\/div><h3>Dental splint for sleeping<\/h3><\/div><div class=\"accordion_item_content\">\n\n<p>People with bruxism are advised to wear an&nbsp;<a href=\"https:\/\/www.ncbi.nlm.nih.gov\/books\/NBK482466\/\" target=\"_blank\" rel=\"noreferrer noopener\">offloading splint<\/a>, also called a bite plane or mouth guard.<\/p>\n\n\n\n<p>The bruxism splint is made for each patient in different materials depending on the degree of bruxism the person exhibits. In mild cases, a soft silicone protector or splint is made. In severe cases, the splint is made of acrylic.<\/p>\n\n\n\n<p>During a few days of using the splint, jaw pain, headache or pain in the ear area tends to be eliminated. Other discomforts that may have appeared due to jaw muscle contracture should be eliminated as well.<\/p>\n\n\n\n<p>These devices alleviate the manifestations, but they do not solve the problem. Thus, it is imperative that the causes of bruxism be addressed so that the symptoms do not reappear.<\/p>\n\n\n\n<p>Visit us, at&nbsp;<a href=\"\/en\/\">Cl\u00ednica Gil Dental<\/a>. We can help you if you suffer from Bruxism at our clinics in&nbsp;<a href=\"https:\/\/www.gildentalclinic.com\/en\/san-pedro-dental-clinic\/\">San Pedro<\/a>&nbsp;or&nbsp;<a href=\"https:\/\/www.gildentalclinic.com\/en\/escazu-dental-clinic\/\">Escaz\u00fa<\/a>.<\/p>\n\n\n\n<figure class=\"gb-block-image gb-block-image-f0a8cc53\"><img loading=\"lazy\" decoding=\"async\" width=\"1024\" height=\"683\" class=\"gb-image gb-image-f0a8cc53\" src=\"https:\/\/www.gildentalclinic.com\/wp-content\/uploads\/2022\/03\/ferula-dental-dormir-1024x683.jpg\" alt=\"dental splint for sleeping\" srcset=\"https:\/\/www.gildentalclinic.com\/wp-content\/uploads\/2022\/03\/ferula-dental-dormir-1024x683.jpg 1024w, https:\/\/www.gildentalclinic.com\/wp-content\/uploads\/2022\/03\/ferula-dental-dormir-300x200.jpg 300w, https:\/\/www.gildentalclinic.com\/wp-content\/uploads\/2022\/03\/ferula-dental-dormir-768x512.jpg 768w, https:\/\/www.gildentalclinic.com\/wp-content\/uploads\/2022\/03\/ferula-dental-dormir.jpg 1200w\" sizes=\"auto, (max-width: 1024px) 100vw, 1024px\" \/><\/figure>\n\n<\/div><\/div>\n\n<div name=\"block_27c529928075b8100d9bfcc9128de4e4\" class=\"accordion-item\"><div class=\"accordion_item_title\"><div class=\"title-icon-open\"><svg width=\"42\" height=\"24\" viewBox=\"0 0 42 24\" fill=\"none\" xmlns=\"http:\/\/www.w3.org\/2000\/svg\"><path d=\"M2 2L21 21L40 2\" stroke=\"#3D472B\" stroke-width=\"3\"\/><\/svg><\/div><div class=\"title-icon-close\"><svg width=\"42\" height=\"24\" viewBox=\"0 0 42 24\" fill=\"none\" xmlns=\"http:\/\/www.w3.org\/2000\/svg\"><path d=\"M40 22L21 3L2 22\" stroke=\"#3D472B\" stroke-width=\"3\"\/><\/svg><\/div><h3>What factors increase the risk of developing Bruxism?<\/h3><\/div><div class=\"accordion_item_content\">\n\n<ol class=\"wp-block-list\">\n<li><strong>Stress:<\/strong> One of the most important&nbsp;<a rel=\"noreferrer noopener\" href=\"https:\/\/pubmed.ncbi.nlm.nih.gov\/29533049\/\" target=\"_blank\">risk factors<\/a>&nbsp;is the increase in anxiety or stress that can cause teeth grinding. Anger and frustration are otger factors.<\/li>\n\n\n\n<li><strong>Age:<\/strong> Bruxism is common in young children, but usually disappears in adulthood.<\/li>\n\n\n\n<li><strong>Personality type:<\/strong> Having an aggressive, competitive or hyperactive personality type can increase the risk of bruxism.<\/li>\n\n\n\n<li><strong>Medicines and other substances:<\/strong> Bruxism can be a rare side effect of some psychiatric medications, such as antidepressants. Smoking tobacco, drinking caffeinated or alcoholic beverages, or using recreational drugs can increase the risk of bruxism.<\/li>\n\n\n\n<li><strong>Family members with bruxism:<\/strong> Nocturnal bruxism usually runs in families. If you have bruxism, it is possible that other members of your family also have it or have had it.<\/li>\n<\/ol>\n\n<\/div><\/div>\n<\/div><\/div>\n\n\n<div class=\"gb-container gb-container-0ef6cd3d\">\n\n<a class=\"gb-button gb-button-12da380d gb-button-e528ec68\" href=\"#\" data-hystmodal=\"#enClinicsModal\"><span class=\"gb-icon\"><svg viewBox=\"0 0 256 512\" xmlns=\"http:\/\/www.w3.org\/2000\/svg\"><path d=\"M246.6 233.4c12.5 12.5 12.5 32.8 0 45.3l-160 160c-12.5 12.5-32.8 12.5-45.3 0s-12.5-32.8 0-45.3L178.7 256 41.4 118.6c-12.5-12.5-12.5-32.8 0-45.3s32.8-12.5 45.3 0l160 160z\"><\/path><\/svg><\/span><span class=\"gb-button-text\"><strong>ScheduLE your appointment at Cl\u00ednica Dental Gil<\/strong><\/span><\/a>\n\n<\/div>","protected":false},"excerpt":{"rendered":"<p>Schedule an appointment at Gil Dental Clinic San Pedro&nbsp;|&nbsp;Escaz\u00fa&nbsp;|&nbsp;Guanacaste<\/p>\n","protected":false},"author":19,"featured_media":0,"parent":0,"menu_order":0,"comment_status":"closed","ping_status":"closed","template":"","meta":{"_acf_changed":false,"inline_featured_image":false,"footnotes":""},"categories":[28,25],"class_list":{"0":"post-8812","1":"page","2":"type-page","3":"status-publish","5":"category-preventive-care","6":"category-services"},"acf":[],"yoast_head":"<!-- This site is optimized with the Yoast SEO plugin v26.9 - https:\/\/yoast.com\/product\/yoast-seo-wordpress\/ -->\n<title>Bruxism: Solution, Prevention and Effective Treatment<\/title>\n<meta name=\"description\" content=\"Discover effective Bruxism solutions, prevention tips, and treatments. Take control of teeth grinding for a healthier smile.\" \/>\n<meta name=\"robots\" content=\"index, follow, max-snippet:-1, max-image-preview:large, max-video-preview:-1\" \/>\n<link rel=\"canonical\" href=\"https:\/\/www.gildentalclinic.com\/en\/bruxism-consequences-solutions\/\" \/>\n<meta property=\"og:locale\" content=\"en_US\" \/>\n<meta property=\"og:type\" content=\"article\" \/>\n<meta property=\"og:title\" content=\"Bruxism: Solution, Prevention and Effective Treatment\" \/>\n<meta property=\"og:description\" content=\"Discover effective Bruxism solutions, prevention tips, and treatments. Take control of teeth grinding for a healthier smile.\" \/>\n<meta property=\"og:url\" content=\"https:\/\/www.gildentalclinic.com\/en\/bruxism-consequences-solutions\/\" \/>\n<meta property=\"og:site_name\" content=\"Gil Dental Clinic\" \/>\n<meta property=\"article:publisher\" content=\"https:\/\/www.facebook.com\/grupogildental\" \/>\n<meta property=\"article:modified_time\" content=\"2024-10-24T17:24:34+00:00\" \/>\n<meta property=\"og:image\" content=\"https:\/\/www.gildentalclinic.com\/wp-content\/uploads\/2021\/05\/Rehabilitacion-Completa-3-antes.jpg\" \/>\n<meta name=\"twitter:card\" content=\"summary_large_image\" \/>\n<meta name=\"twitter:label1\" content=\"Est. reading time\" \/>\n\t<meta name=\"twitter:data1\" content=\"4 minutes\" \/>\n<script type=\"application\/ld+json\" class=\"yoast-schema-graph\">{\"@context\":\"https:\/\/schema.org\",\"@graph\":[{\"@type\":\"WebPage\",\"@id\":\"https:\/\/www.gildentalclinic.com\/en\/bruxism-consequences-solutions\/\",\"url\":\"https:\/\/www.gildentalclinic.com\/en\/bruxism-consequences-solutions\/\",\"name\":\"Bruxism: Solution, Prevention and Effective Treatment\",\"isPartOf\":{\"@id\":\"https:\/\/www.gildentalclinic.com\/en\/#website\"},\"primaryImageOfPage\":{\"@id\":\"https:\/\/www.gildentalclinic.com\/en\/bruxism-consequences-solutions\/#primaryimage\"},\"image\":{\"@id\":\"https:\/\/www.gildentalclinic.com\/en\/bruxism-consequences-solutions\/#primaryimage\"},\"thumbnailUrl\":\"https:\/\/www.gildentalclinic.com\/wp-content\/uploads\/2021\/05\/Rehabilitacion-Completa-3-antes.jpg\",\"datePublished\":\"2023-03-28T22:15:59+00:00\",\"dateModified\":\"2024-10-24T17:24:34+00:00\",\"description\":\"Discover effective Bruxism solutions, prevention tips, and treatments. Take control of teeth grinding for a healthier smile.\",\"breadcrumb\":{\"@id\":\"https:\/\/www.gildentalclinic.com\/en\/bruxism-consequences-solutions\/#breadcrumb\"},\"inLanguage\":\"en-US\",\"potentialAction\":[{\"@type\":\"ReadAction\",\"target\":[\"https:\/\/www.gildentalclinic.com\/en\/bruxism-consequences-solutions\/\"]}]},{\"@type\":\"ImageObject\",\"inLanguage\":\"en-US\",\"@id\":\"https:\/\/www.gildentalclinic.com\/en\/bruxism-consequences-solutions\/#primaryimage\",\"url\":\"https:\/\/www.gildentalclinic.com\/wp-content\/uploads\/2021\/05\/Rehabilitacion-Completa-3-antes.jpg\",\"contentUrl\":\"https:\/\/www.gildentalclinic.com\/wp-content\/uploads\/2021\/05\/Rehabilitacion-Completa-3-antes.jpg\"},{\"@type\":\"BreadcrumbList\",\"@id\":\"https:\/\/www.gildentalclinic.com\/en\/bruxism-consequences-solutions\/#breadcrumb\",\"itemListElement\":[{\"@type\":\"ListItem\",\"position\":1,\"name\":\"Home\",\"item\":\"https:\/\/www.gildentalclinic.com\/en\/\"},{\"@type\":\"ListItem\",\"position\":2,\"name\":\"Bruxism\"}]},{\"@type\":\"WebSite\",\"@id\":\"https:\/\/www.gildentalclinic.com\/en\/#website\",\"url\":\"https:\/\/www.gildentalclinic.com\/en\/\",\"name\":\"Gil Dental Clinic\",\"description\":\"\",\"publisher\":{\"@id\":\"https:\/\/www.gildentalclinic.com\/en\/#organization\"},\"potentialAction\":[{\"@type\":\"SearchAction\",\"target\":{\"@type\":\"EntryPoint\",\"urlTemplate\":\"https:\/\/www.gildentalclinic.com\/en\/?s={search_term_string}\"},\"query-input\":{\"@type\":\"PropertyValueSpecification\",\"valueRequired\":true,\"valueName\":\"search_term_string\"}}],\"inLanguage\":\"en-US\"},{\"@type\":\"Organization\",\"@id\":\"https:\/\/www.gildentalclinic.com\/en\/#organization\",\"name\":\"Gil Dental Clinic\",\"url\":\"https:\/\/www.gildentalclinic.com\/en\/\",\"logo\":{\"@type\":\"ImageObject\",\"inLanguage\":\"en-US\",\"@id\":\"https:\/\/www.gildentalclinic.com\/en\/#\/schema\/logo\/image\/\",\"url\":\"https:\/\/www.gildentalclinic.com\/wp-content\/uploads\/2025\/04\/V_GDG_04.png\",\"contentUrl\":\"https:\/\/www.gildentalclinic.com\/wp-content\/uploads\/2025\/04\/V_GDG_04.png\",\"width\":1080,\"height\":559,\"caption\":\"Gil Dental Clinic\"},\"image\":{\"@id\":\"https:\/\/www.gildentalclinic.com\/en\/#\/schema\/logo\/image\/\"},\"sameAs\":[\"https:\/\/www.facebook.com\/grupogildental\"]}]}<\/script>\n<!-- \/ Yoast SEO plugin. -->","yoast_head_json":{"title":"Bruxism: Solution, Prevention and Effective Treatment","description":"Discover effective Bruxism solutions, prevention tips, and treatments. Take control of teeth grinding for a healthier smile.","robots":{"index":"index","follow":"follow","max-snippet":"max-snippet:-1","max-image-preview":"max-image-preview:large","max-video-preview":"max-video-preview:-1"},"canonical":"https:\/\/www.gildentalclinic.com\/en\/bruxism-consequences-solutions\/","og_locale":"en_US","og_type":"article","og_title":"Bruxism: Solution, Prevention and Effective Treatment","og_description":"Discover effective Bruxism solutions, prevention tips, and treatments. Take control of teeth grinding for a healthier smile.","og_url":"https:\/\/www.gildentalclinic.com\/en\/bruxism-consequences-solutions\/","og_site_name":"Gil Dental Clinic","article_publisher":"https:\/\/www.facebook.com\/grupogildental","article_modified_time":"2024-10-24T17:24:34+00:00","og_image":[{"url":"https:\/\/www.gildentalclinic.com\/wp-content\/uploads\/2021\/05\/Rehabilitacion-Completa-3-antes.jpg","type":"","width":"","height":""}],"twitter_card":"summary_large_image","twitter_misc":{"Est. reading time":"4 minutes"},"schema":{"@context":"https:\/\/schema.org","@graph":[{"@type":"WebPage","@id":"https:\/\/www.gildentalclinic.com\/en\/bruxism-consequences-solutions\/","url":"https:\/\/www.gildentalclinic.com\/en\/bruxism-consequences-solutions\/","name":"Bruxism: Solution, Prevention and Effective Treatment","isPartOf":{"@id":"https:\/\/www.gildentalclinic.com\/en\/#website"},"primaryImageOfPage":{"@id":"https:\/\/www.gildentalclinic.com\/en\/bruxism-consequences-solutions\/#primaryimage"},"image":{"@id":"https:\/\/www.gildentalclinic.com\/en\/bruxism-consequences-solutions\/#primaryimage"},"thumbnailUrl":"https:\/\/www.gildentalclinic.com\/wp-content\/uploads\/2021\/05\/Rehabilitacion-Completa-3-antes.jpg","datePublished":"2023-03-28T22:15:59+00:00","dateModified":"2024-10-24T17:24:34+00:00","description":"Discover effective Bruxism solutions, prevention tips, and treatments. Take control of teeth grinding for a healthier smile.","breadcrumb":{"@id":"https:\/\/www.gildentalclinic.com\/en\/bruxism-consequences-solutions\/#breadcrumb"},"inLanguage":"en-US","potentialAction":[{"@type":"ReadAction","target":["https:\/\/www.gildentalclinic.com\/en\/bruxism-consequences-solutions\/"]}]},{"@type":"ImageObject","inLanguage":"en-US","@id":"https:\/\/www.gildentalclinic.com\/en\/bruxism-consequences-solutions\/#primaryimage","url":"https:\/\/www.gildentalclinic.com\/wp-content\/uploads\/2021\/05\/Rehabilitacion-Completa-3-antes.jpg","contentUrl":"https:\/\/www.gildentalclinic.com\/wp-content\/uploads\/2021\/05\/Rehabilitacion-Completa-3-antes.jpg"},{"@type":"BreadcrumbList","@id":"https:\/\/www.gildentalclinic.com\/en\/bruxism-consequences-solutions\/#breadcrumb","itemListElement":[{"@type":"ListItem","position":1,"name":"Home","item":"https:\/\/www.gildentalclinic.com\/en\/"},{"@type":"ListItem","position":2,"name":"Bruxism"}]},{"@type":"WebSite","@id":"https:\/\/www.gildentalclinic.com\/en\/#website","url":"https:\/\/www.gildentalclinic.com\/en\/","name":"Gil Dental Clinic","description":"","publisher":{"@id":"https:\/\/www.gildentalclinic.com\/en\/#organization"},"potentialAction":[{"@type":"SearchAction","target":{"@type":"EntryPoint","urlTemplate":"https:\/\/www.gildentalclinic.com\/en\/?s={search_term_string}"},"query-input":{"@type":"PropertyValueSpecification","valueRequired":true,"valueName":"search_term_string"}}],"inLanguage":"en-US"},{"@type":"Organization","@id":"https:\/\/www.gildentalclinic.com\/en\/#organization","name":"Gil Dental Clinic","url":"https:\/\/www.gildentalclinic.com\/en\/","logo":{"@type":"ImageObject","inLanguage":"en-US","@id":"https:\/\/www.gildentalclinic.com\/en\/#\/schema\/logo\/image\/","url":"https:\/\/www.gildentalclinic.com\/wp-content\/uploads\/2025\/04\/V_GDG_04.png","contentUrl":"https:\/\/www.gildentalclinic.com\/wp-content\/uploads\/2025\/04\/V_GDG_04.png","width":1080,"height":559,"caption":"Gil Dental Clinic"},"image":{"@id":"https:\/\/www.gildentalclinic.com\/en\/#\/schema\/logo\/image\/"},"sameAs":["https:\/\/www.facebook.com\/grupogildental"]}]}},"_links":{"self":[{"href":"https:\/\/www.gildentalclinic.com\/en\/wp-json\/wp\/v2\/pages\/8812","targetHints":{"allow":["GET"]}}],"collection":[{"href":"https:\/\/www.gildentalclinic.com\/en\/wp-json\/wp\/v2\/pages"}],"about":[{"href":"https:\/\/www.gildentalclinic.com\/en\/wp-json\/wp\/v2\/types\/page"}],"author":[{"embeddable":true,"href":"https:\/\/www.gildentalclinic.com\/en\/wp-json\/wp\/v2\/users\/19"}],"replies":[{"embeddable":true,"href":"https:\/\/www.gildentalclinic.com\/en\/wp-json\/wp\/v2\/comments?post=8812"}],"version-history":[{"count":43,"href":"https:\/\/www.gildentalclinic.com\/en\/wp-json\/wp\/v2\/pages\/8812\/revisions"}],"predecessor-version":[{"id":12358,"href":"https:\/\/www.gildentalclinic.com\/en\/wp-json\/wp\/v2\/pages\/8812\/revisions\/12358"}],"wp:attachment":[{"href":"https:\/\/www.gildentalclinic.com\/en\/wp-json\/wp\/v2\/media?parent=8812"}],"wp:term":[{"taxonomy":"category","embeddable":true,"href":"https:\/\/www.gildentalclinic.com\/en\/wp-json\/wp\/v2\/categories?post=8812"}],"curies":[{"name":"wp","href":"https:\/\/api.w.org\/{rel}","templated":true}]}}